{"id":105,"date":"2026-03-11T11:58:27","date_gmt":"2026-03-11T11:58:27","guid":{"rendered":"https:\/\/www.velkacenaframaru.cz\/?page_id=105"},"modified":"2026-03-11T11:59:47","modified_gmt":"2026-03-11T11:59:47","slug":"home-es","status":"publish","type":"page","link":"https:\/\/www.velkacenaframaru.cz\/","title":{"rendered":"Home-es"},"content":{"rendered":"\t\t<div data-elementor-type=\"wp-page\" data-elementor-id=\"105\" class=\"elementor elementor-105\">\n\t\t\t\t<div class=\"elementor-element elementor-element-d235ec1 e-grid e-con-boxed e-con e-parent\" data-id=\"d235ec1\" data-element_type=\"container\" data-e-type=\"container\" data-settings=\"{&quot;background_background&quot;:&quot;slideshow&quot;,&quot;background_slideshow_gallery&quot;:[{&quot;id&quot;:97,&quot;url&quot;:&quot;http:\\\/\\\/www.velkacenaframaru.cz\\\/wp-content\\\/uploads\\\/2026\\\/03\\\/GP.webp&quot;}],&quot;background_slideshow_loop&quot;:&quot;yes&quot;,&quot;background_slideshow_slide_duration&quot;:5000,&quot;background_slideshow_slide_transition&quot;:&quot;fade&quot;,&quot;background_slideshow_transition_duration&quot;:500}\">\n\t\t\t\t\t<div class=\"e-con-inner\">\n\t\t\t\t<div class=\"elementor-element elementor-element-103bc54 elementor-widget elementor-widget-spacer\" data-id=\"103bc54\" data-element_type=\"widget\" data-e-type=\"widget\" data-widget_type=\"spacer.default\">\n\t\t\t\t\t\t\t<div class=\"elementor-spacer\">\n\t\t\t<div class=\"elementor-spacer-inner\"><\/div>\n\t\t<\/div>\n\t\t\t\t\t\t<\/div>\n\t\t\t\t\t<\/div>\n\t\t\t\t<\/div>\n\t\t<div class=\"elementor-element elementor-element-7d47ecc e-grid e-con-boxed e-con e-parent\" data-id=\"7d47ecc\" data-element_type=\"container\" data-e-type=\"container\">\n\t\t\t\t\t<div class=\"e-con-inner\">\n\t\t\t\t<div class=\"elementor-element elementor-element-8eaa38c elementor-widget elementor-widget-heading\" data-id=\"8eaa38c\" data-element_type=\"widget\" data-e-type=\"widget\" data-widget_type=\"heading.default\">\n\t\t\t\t\t<h1 class=\"elementor-heading-title elementor-size-default\">Velk\u00e1 cena Framaru<\/h1>\t\t\t\t<\/div>\n\t\t\t\t<div class=\"elementor-element elementor-element-d49742e elementor-widget elementor-widget-text-editor\" data-id=\"d49742e\" data-element_type=\"widget\" data-e-type=\"widget\" data-widget_type=\"text-editor.default\">\n\t\t\t\t\t\t\t\t\t<p>The oldest track cycling race in Europe.<\/p>\t\t\t\t\t\t\t\t<\/div>\n\t\t\t\t\t<\/div>\n\t\t\t\t<\/div>\n\t\t<div class=\"elementor-element elementor-element-890eded e-flex e-con-boxed e-con e-parent\" data-id=\"890eded\" data-element_type=\"container\" data-e-type=\"container\">\n\t\t\t\t\t<div class=\"e-con-inner\">\n\t\t<div class=\"elementor-element elementor-element-9ab2995 e-con-full e-flex e-con e-child\" data-id=\"9ab2995\" data-element_type=\"container\" data-e-type=\"container\">\n\t\t\t\t<div class=\"elementor-element elementor-element-c80ce3a elementor-widget elementor-widget-text-editor\" data-id=\"c80ce3a\" data-element_type=\"widget\" data-e-type=\"widget\" data-widget_type=\"text-editor.default\">\n\t\t\t\t\t\t\t\t\t<p>84th season<\/p><p>May 8 &#8211; 10, 2026<\/p><p>TJ Kovo T\u0159ebe\u0161\u00edn Velodrome, Prague<\/p>\t\t\t\t\t\t\t\t<\/div>\n\t\t\t\t<\/div>\n\t\t<div class=\"elementor-element elementor-element-28b0de3 e-con-full e-flex e-con e-child\" data-id=\"28b0de3\" data-element_type=\"container\" data-e-type=\"container\">\n\t\t<div class=\"elementor-element elementor-element-cfd7427 e-con-full e-flex e-con e-child\" data-id=\"cfd7427\" data-element_type=\"container\" data-e-type=\"container\">\n\t\t\t\t<div class=\"elementor-element elementor-element-15afdc9 elementor-widget elementor-widget-image\" data-id=\"15afdc9\" data-element_type=\"widget\" data-e-type=\"widget\" data-widget_type=\"image.default\">\n\t\t\t\t\t\t\t\t\t\t\t\t\t\t\t<img fetchpriority=\"high\" decoding=\"async\" width=\"876\" height=\"731\" src=\"https:\/\/www.velkacenaframaru.cz\/wp-content\/uploads\/2026\/03\/GP-framar-loga.webp\" class=\"attachment-large size-large wp-image-67\" alt=\"\" srcset=\"https:\/\/www.velkacenaframaru.cz\/wp-content\/uploads\/2026\/03\/GP-framar-loga.webp 876w, https:\/\/www.velkacenaframaru.cz\/wp-content\/uploads\/2026\/03\/GP-framar-loga-300x250.webp 300w, https:\/\/www.velkacenaframaru.cz\/wp-content\/uploads\/2026\/03\/GP-framar-loga-768x641.webp 768w\" sizes=\"(max-width: 876px) 100vw, 876px\" \/>\t\t\t\t\t\t\t\t\t\t\t\t\t\t\t<\/div>\n\t\t\t\t<\/div>\n\t\t\t\t<\/div>\n\t\t\t\t\t<\/div>\n\t\t\t\t<\/div>\n\t\t<div class=\"elementor-element elementor-element-7f3faea e-flex e-con-boxed e-con e-parent\" data-id=\"7f3faea\" data-element_type=\"container\" data-e-type=\"container\">\n\t\t\t\t\t<div class=\"e-con-inner\">\n\t\t\t\t<div class=\"elementor-element elementor-element-54c27e5 elementor-widget elementor-widget-image\" data-id=\"54c27e5\" data-element_type=\"widget\" data-e-type=\"widget\" data-widget_type=\"image.default\">\n\t\t\t\t\t\t\t\t\t\t\t\t\t\t\t<img decoding=\"async\" width=\"1024\" height=\"311\" src=\"https:\/\/www.velkacenaframaru.cz\/wp-content\/uploads\/2026\/03\/GPF-logo-1024x311.webp\" class=\"attachment-large size-large wp-image-71\" alt=\"\" srcset=\"https:\/\/www.velkacenaframaru.cz\/wp-content\/uploads\/2026\/03\/GPF-logo-1024x311.webp 1024w, https:\/\/www.velkacenaframaru.cz\/wp-content\/uploads\/2026\/03\/GPF-logo-300x91.webp 300w, https:\/\/www.velkacenaframaru.cz\/wp-content\/uploads\/2026\/03\/GPF-logo-768x234.webp 768w, https:\/\/www.velkacenaframaru.cz\/wp-content\/uploads\/2026\/03\/GPF-logo-1536x467.webp 1536w, https:\/\/www.velkacenaframaru.cz\/wp-content\/uploads\/2026\/03\/GPF-logo.webp 1769w\" sizes=\"(max-width: 1024px) 100vw, 1024px\" \/>\t\t\t\t\t\t\t\t\t\t\t\t\t\t\t<\/div>\n\t\t\t\t\t<\/div>\n\t\t\t\t<\/div>\n\t\t<div class=\"elementor-element elementor-element-7ece333 e-flex e-con-boxed e-con e-parent\" data-id=\"7ece333\" data-element_type=\"container\" data-e-type=\"container\">\n\t\t\t\t\t<div class=\"e-con-inner\">\n\t\t\t\t<div class=\"elementor-element elementor-element-883e847 elementor-widget elementor-widget-text-editor\" data-id=\"883e847\" data-element_type=\"widget\" data-e-type=\"widget\" data-widget_type=\"text-editor.default\">\n\t\t\t\t\t\t\t\t\t<p>since 1938<\/p>\t\t\t\t\t\t\t\t<\/div>\n\t\t\t\t\t<\/div>\n\t\t\t\t<\/div>\n\t\t\t\t<\/div>\n\t\t","protected":false},"excerpt":{"rendered":"<p>Velk\u00e1 cena Framaru The oldest track cycling race in Europe. 84th season May 8 &#8211; 10, 2026 TJ Kovo T\u0159ebe\u0161\u00edn Velodrome, Prague since 1938<\/p>\n","protected":false},"author":1,"featured_media":62,"parent":0,"menu_order":0,"comment_status":"closed","ping_status":"closed","template":"","meta":{"footnotes":""},"class_list":["post-105","page","type-page","status-publish","has-post-thumbnail","hentry","entry","has-media"],"yoast_head":"<!-- This site is optimized with the Yoast SEO plugin v27.1.1 - https:\/\/yoast.com\/product\/yoast-seo-wordpress\/ -->\n<title>Home-es - GP Framar<\/title>\n<meta name=\"robots\" content=\"index, follow, max-snippet:-1, max-image-preview:large, max-video-preview:-1\" \/>\n<link rel=\"canonical\" href=\"https:\/\/www.velkacenaframaru.cz\/\" \/>\n<meta property=\"og:locale\" content=\"cs_CZ\" \/>\n<meta property=\"og:type\" content=\"article\" \/>\n<meta property=\"og:title\" content=\"Home-es - GP Framar\" \/>\n<meta property=\"og:description\" content=\"Velk\u00e1 cena Framaru The oldest track cycling race in Europe. 84th season May 8 &#8211; 10, 2026 TJ Kovo T\u0159ebe\u0161\u00edn Velodrome, Prague since 1938\" \/>\n<meta property=\"og:url\" content=\"https:\/\/www.velkacenaframaru.cz\/\" \/>\n<meta property=\"og:site_name\" content=\"GP Framar\" \/>\n<meta property=\"article:modified_time\" content=\"2026-03-11T11:59:47+00:00\" \/>\n<meta property=\"og:image\" content=\"http:\/\/www.velkacenaframaru.cz\/wp-content\/uploads\/2026\/03\/GP-FRAMAR-02_Framar-scaled.webp\" \/>\n\t<meta property=\"og:image:width\" content=\"2560\" \/>\n\t<meta property=\"og:image:height\" content=\"964\" \/>\n\t<meta property=\"og:image:type\" content=\"image\/webp\" \/>\n<meta name=\"twitter:card\" content=\"summary_large_image\" \/>\n<meta name=\"twitter:label1\" content=\"Odhadovan\u00e1 doba \u010dten\u00ed\" \/>\n\t<meta name=\"twitter:data1\" content=\"1 minuta\" \/>\n<script type=\"application\/ld+json\" class=\"yoast-schema-graph\">{\"@context\":\"https:\/\/schema.org\",\"@graph\":[{\"@type\":\"WebPage\",\"@id\":\"https:\/\/www.velkacenaframaru.cz\/\",\"url\":\"https:\/\/www.velkacenaframaru.cz\/\",\"name\":\"Home-es - GP Framar\",\"isPartOf\":{\"@id\":\"https:\/\/www.velkacenaframaru.cz\/#website\"},\"primaryImageOfPage\":{\"@id\":\"https:\/\/www.velkacenaframaru.cz\/#primaryimage\"},\"image\":{\"@id\":\"https:\/\/www.velkacenaframaru.cz\/#primaryimage\"},\"thumbnailUrl\":\"https:\/\/www.velkacenaframaru.cz\/wp-content\/uploads\/2026\/03\/GP-FRAMAR-02_Framar-scaled.webp\",\"datePublished\":\"2026-03-11T11:58:27+00:00\",\"dateModified\":\"2026-03-11T11:59:47+00:00\",\"breadcrumb\":{\"@id\":\"https:\/\/www.velkacenaframaru.cz\/#breadcrumb\"},\"inLanguage\":\"cs\",\"potentialAction\":[{\"@type\":\"ReadAction\",\"target\":[\"https:\/\/www.velkacenaframaru.cz\/\"]}]},{\"@type\":\"ImageObject\",\"inLanguage\":\"cs\",\"@id\":\"https:\/\/www.velkacenaframaru.cz\/#primaryimage\",\"url\":\"https:\/\/www.velkacenaframaru.cz\/wp-content\/uploads\/2026\/03\/GP-FRAMAR-02_Framar-scaled.webp\",\"contentUrl\":\"https:\/\/www.velkacenaframaru.cz\/wp-content\/uploads\/2026\/03\/GP-FRAMAR-02_Framar-scaled.webp\",\"width\":2560,\"height\":964},{\"@type\":\"BreadcrumbList\",\"@id\":\"https:\/\/www.velkacenaframaru.cz\/#breadcrumb\",\"itemListElement\":[{\"@type\":\"ListItem\",\"position\":1,\"name\":\"Dom\u016f\",\"item\":\"https:\/\/www.velkacenaframaru.cz\/?page_id=29&lang=cs\"},{\"@type\":\"ListItem\",\"position\":2,\"name\":\"Home-es\"}]},{\"@type\":\"WebSite\",\"@id\":\"https:\/\/www.velkacenaframaru.cz\/#website\",\"url\":\"https:\/\/www.velkacenaframaru.cz\/\",\"name\":\"GP Framar\",\"description\":\"\",\"publisher\":{\"@id\":\"https:\/\/www.velkacenaframaru.cz\/#organization\"},\"potentialAction\":[{\"@type\":\"SearchAction\",\"target\":{\"@type\":\"EntryPoint\",\"urlTemplate\":\"https:\/\/www.velkacenaframaru.cz\/?s={search_term_string}\"},\"query-input\":{\"@type\":\"PropertyValueSpecification\",\"valueRequired\":true,\"valueName\":\"search_term_string\"}}],\"inLanguage\":\"cs\"},{\"@type\":\"Organization\",\"@id\":\"https:\/\/www.velkacenaframaru.cz\/#organization\",\"name\":\"GP Framar\",\"url\":\"https:\/\/www.velkacenaframaru.cz\/\",\"logo\":{\"@type\":\"ImageObject\",\"inLanguage\":\"cs\",\"@id\":\"https:\/\/www.velkacenaframaru.cz\/#\/schema\/logo\/image\/\",\"url\":\"https:\/\/www.velkacenaframaru.cz\/wp-content\/uploads\/2026\/03\/GPF-logo.webp\",\"contentUrl\":\"https:\/\/www.velkacenaframaru.cz\/wp-content\/uploads\/2026\/03\/GPF-logo.webp\",\"width\":1769,\"height\":538,\"caption\":\"GP Framar\"},\"image\":{\"@id\":\"https:\/\/www.velkacenaframaru.cz\/#\/schema\/logo\/image\/\"}}]}<\/script>\n<!-- \/ Yoast SEO plugin. -->","yoast_head_json":{"title":"Home-es - GP Framar","robots":{"index":"index","follow":"follow","max-snippet":"max-snippet:-1","max-image-preview":"max-image-preview:large","max-video-preview":"max-video-preview:-1"},"canonical":"https:\/\/www.velkacenaframaru.cz\/","og_locale":"cs_CZ","og_type":"article","og_title":"Home-es - GP Framar","og_description":"Velk\u00e1 cena Framaru The oldest track cycling race in Europe. 84th season May 8 &#8211; 10, 2026 TJ Kovo T\u0159ebe\u0161\u00edn Velodrome, Prague since 1938","og_url":"https:\/\/www.velkacenaframaru.cz\/","og_site_name":"GP Framar","article_modified_time":"2026-03-11T11:59:47+00:00","og_image":[{"width":2560,"height":964,"url":"http:\/\/www.velkacenaframaru.cz\/wp-content\/uploads\/2026\/03\/GP-FRAMAR-02_Framar-scaled.webp","type":"image\/webp"}],"twitter_card":"summary_large_image","twitter_misc":{"Odhadovan\u00e1 doba \u010dten\u00ed":"1 minuta"},"schema":{"@context":"https:\/\/schema.org","@graph":[{"@type":"WebPage","@id":"https:\/\/www.velkacenaframaru.cz\/","url":"https:\/\/www.velkacenaframaru.cz\/","name":"Home-es - GP Framar","isPartOf":{"@id":"https:\/\/www.velkacenaframaru.cz\/#website"},"primaryImageOfPage":{"@id":"https:\/\/www.velkacenaframaru.cz\/#primaryimage"},"image":{"@id":"https:\/\/www.velkacenaframaru.cz\/#primaryimage"},"thumbnailUrl":"https:\/\/www.velkacenaframaru.cz\/wp-content\/uploads\/2026\/03\/GP-FRAMAR-02_Framar-scaled.webp","datePublished":"2026-03-11T11:58:27+00:00","dateModified":"2026-03-11T11:59:47+00:00","breadcrumb":{"@id":"https:\/\/www.velkacenaframaru.cz\/#breadcrumb"},"inLanguage":"cs","potentialAction":[{"@type":"ReadAction","target":["https:\/\/www.velkacenaframaru.cz\/"]}]},{"@type":"ImageObject","inLanguage":"cs","@id":"https:\/\/www.velkacenaframaru.cz\/#primaryimage","url":"https:\/\/www.velkacenaframaru.cz\/wp-content\/uploads\/2026\/03\/GP-FRAMAR-02_Framar-scaled.webp","contentUrl":"https:\/\/www.velkacenaframaru.cz\/wp-content\/uploads\/2026\/03\/GP-FRAMAR-02_Framar-scaled.webp","width":2560,"height":964},{"@type":"BreadcrumbList","@id":"https:\/\/www.velkacenaframaru.cz\/#breadcrumb","itemListElement":[{"@type":"ListItem","position":1,"name":"Dom\u016f","item":"https:\/\/www.velkacenaframaru.cz\/?page_id=29&lang=cs"},{"@type":"ListItem","position":2,"name":"Home-es"}]},{"@type":"WebSite","@id":"https:\/\/www.velkacenaframaru.cz\/#website","url":"https:\/\/www.velkacenaframaru.cz\/","name":"GP Framar","description":"","publisher":{"@id":"https:\/\/www.velkacenaframaru.cz\/#organization"},"potentialAction":[{"@type":"SearchAction","target":{"@type":"EntryPoint","urlTemplate":"https:\/\/www.velkacenaframaru.cz\/?s={search_term_string}"},"query-input":{"@type":"PropertyValueSpecification","valueRequired":true,"valueName":"search_term_string"}}],"inLanguage":"cs"},{"@type":"Organization","@id":"https:\/\/www.velkacenaframaru.cz\/#organization","name":"GP Framar","url":"https:\/\/www.velkacenaframaru.cz\/","logo":{"@type":"ImageObject","inLanguage":"cs","@id":"https:\/\/www.velkacenaframaru.cz\/#\/schema\/logo\/image\/","url":"https:\/\/www.velkacenaframaru.cz\/wp-content\/uploads\/2026\/03\/GPF-logo.webp","contentUrl":"https:\/\/www.velkacenaframaru.cz\/wp-content\/uploads\/2026\/03\/GPF-logo.webp","width":1769,"height":538,"caption":"GP Framar"},"image":{"@id":"https:\/\/www.velkacenaframaru.cz\/#\/schema\/logo\/image\/"}}]}},"_links":{"self":[{"href":"https:\/\/www.velkacenaframaru.cz\/index.php?rest_route=\/wp\/v2\/pages\/105","targetHints":{"allow":["GET"]}}],"collection":[{"href":"https:\/\/www.velkacenaframaru.cz\/index.php?rest_route=\/wp\/v2\/pages"}],"about":[{"href":"https:\/\/www.velkacenaframaru.cz\/index.php?rest_route=\/wp\/v2\/types\/page"}],"author":[{"embeddable":true,"href":"https:\/\/www.velkacenaframaru.cz\/index.php?rest_route=\/wp\/v2\/users\/1"}],"replies":[{"embeddable":true,"href":"https:\/\/www.velkacenaframaru.cz\/index.php?rest_route=%2Fwp%2Fv2%2Fcomments&post=105"}],"version-history":[{"count":7,"href":"https:\/\/www.velkacenaframaru.cz\/index.php?rest_route=\/wp\/v2\/pages\/105\/revisions"}],"predecessor-version":[{"id":112,"href":"https:\/\/www.velkacenaframaru.cz\/index.php?rest_route=\/wp\/v2\/pages\/105\/revisions\/112"}],"wp:featuredmedia":[{"embeddable":true,"href":"https:\/\/www.velkacenaframaru.cz\/index.php?rest_route=\/wp\/v2\/media\/62"}],"wp:attachment":[{"href":"https:\/\/www.velkacenaframaru.cz\/index.php?rest_route=%2Fwp%2Fv2%2Fmedia&parent=105"}],"curies":[{"name":"wp","href":"https:\/\/api.w.org\/{rel}","templated":true}]}}