{"id":194,"date":"2026-03-11T13:56:12","date_gmt":"2026-03-11T13:56:12","guid":{"rendered":"https:\/\/www.velkacenaframaru.cz\/?page_id=194"},"modified":"2026-04-15T13:07:09","modified_gmt":"2026-04-15T13:07:09","slug":"kontakty","status":"publish","type":"page","link":"https:\/\/www.velkacenaframaru.cz\/?page_id=194&lang=cs","title":{"rendered":"Kontakty"},"content":{"rendered":"\t\t<div data-elementor-type=\"wp-page\" data-elementor-id=\"194\" class=\"elementor elementor-194\">\n\t\t\t\t<div class=\"elementor-element elementor-element-0a36e1e e-flex e-con-boxed e-con e-parent\" data-id=\"0a36e1e\" data-element_type=\"container\" data-e-type=\"container\">\n\t\t\t\t\t<div class=\"e-con-inner\">\n\t\t\t\t<div class=\"elementor-element elementor-element-6b5a9d3e elementor-widget elementor-widget-heading\" data-id=\"6b5a9d3e\" data-element_type=\"widget\" data-e-type=\"widget\" data-widget_type=\"heading.default\">\n\t\t\t\t\t<h1 class=\"elementor-heading-title elementor-size-default\">Kontakty<\/h1>\t\t\t\t<\/div>\n\t\t\t\t\t<\/div>\n\t\t\t\t<\/div>\n\t\t<div class=\"elementor-element elementor-element-e0d203e e-flex e-con-boxed e-con e-parent\" data-id=\"e0d203e\" data-element_type=\"container\" data-e-type=\"container\">\n\t\t\t\t\t<div class=\"e-con-inner\">\n\t\t<div class=\"elementor-element elementor-element-b95f4bd e-con-full e-flex e-con e-child\" data-id=\"b95f4bd\" data-element_type=\"container\" data-e-type=\"container\">\n\t\t\t\t<div class=\"elementor-element elementor-element-0b270cb elementor-widget elementor-widget-heading\" data-id=\"0b270cb\" data-element_type=\"widget\" data-e-type=\"widget\" data-widget_type=\"heading.default\">\n\t\t\t\t\t<h3 class=\"elementor-heading-title elementor-size-default\">Organizace z\u00e1vodu<\/h3>\t\t\t\t<\/div>\n\t\t\t\t<div class=\"elementor-element elementor-element-1133570 elementor-widget elementor-widget-text-editor\" data-id=\"1133570\" data-element_type=\"widget\" data-e-type=\"widget\" data-widget_type=\"text-editor.default\">\n\t\t\t\t\t\t\t\t\t<p>Jaroslava Mixov\u00e1<\/p><blockquote><p>info@kovopraha.cz\u00a0<\/p><\/blockquote>\t\t\t\t\t\t\t\t<\/div>\n\t\t\t\t<div class=\"elementor-element elementor-element-b46f639 elementor-widget elementor-widget-text-editor\" data-id=\"b46f639\" data-element_type=\"widget\" data-e-type=\"widget\" data-widget_type=\"text-editor.default\">\n\t\t\t\t\t\t\t\t\t<p>Marek Mixa (english speaking)<\/p><blockquote><div dir=\"ltr\">mixakovopraha@gmail.com<\/div><div dir=\"ltr\">\u00a0+420 724 116 963\u00a0<\/div><\/blockquote>\t\t\t\t\t\t\t\t<\/div>\n\t\t\t\t<\/div>\n\t\t<div class=\"elementor-element elementor-element-0fd1f9a e-con-full e-flex e-con e-child\" data-id=\"0fd1f9a\" data-element_type=\"container\" data-e-type=\"container\">\n\t\t\t\t<div class=\"elementor-element elementor-element-255092a elementor-widget elementor-widget-heading\" data-id=\"255092a\" data-element_type=\"widget\" data-e-type=\"widget\" data-widget_type=\"heading.default\">\n\t\t\t\t\t<h3 class=\"elementor-heading-title elementor-size-default\">Po\u0159adatel<\/h3>\t\t\t\t<\/div>\n\t\t\t\t<div class=\"elementor-element elementor-element-59482e2 elementor-widget elementor-widget-text-editor\" data-id=\"59482e2\" data-element_type=\"widget\" data-e-type=\"widget\" data-widget_type=\"text-editor.default\">\n\t\t\t\t\t\t\t\t\t<p>Barvy Framar s.r.o.<\/p><blockquote><p>info@framar.cz<\/p><\/blockquote>\t\t\t\t\t\t\t\t<\/div>\n\t\t\t\t<div class=\"elementor-element elementor-element-d9d1423 elementor-widget elementor-widget-heading\" data-id=\"d9d1423\" data-element_type=\"widget\" data-e-type=\"widget\" data-widget_type=\"heading.default\">\n\t\t\t\t\t<h3 class=\"elementor-heading-title elementor-size-default\">M\u00e9dia<\/h3>\t\t\t\t<\/div>\n\t\t\t\t<div class=\"elementor-element elementor-element-4fa0463 elementor-widget elementor-widget-text-editor\" data-id=\"4fa0463\" data-element_type=\"widget\" data-e-type=\"widget\" data-widget_type=\"text-editor.default\">\n\t\t\t\t\t\t\t\t\t<p>Eva Sko\u0159epov\u00e1<\/p><blockquote><div dir=\"ltr\">eva@skorepova.com<\/div><\/blockquote>\t\t\t\t\t\t\t\t<\/div>\n\t\t\t\t<\/div>\n\t\t\t\t\t<\/div>\n\t\t\t\t<\/div>\n\t\t<div class=\"elementor-element elementor-element-c1c1a15 e-flex e-con-boxed e-con e-parent\" data-id=\"c1c1a15\" data-element_type=\"container\" data-e-type=\"container\">\n\t\t\t\t\t<div class=\"e-con-inner\">\n\t\t\t\t<div class=\"elementor-element elementor-element-8393ae4 elementor-view-default elementor-position-block-start elementor-mobile-position-block-start elementor-widget elementor-widget-icon-box\" data-id=\"8393ae4\" data-element_type=\"widget\" data-e-type=\"widget\" data-widget_type=\"icon-box.default\">\n\t\t\t\t\t\t\t<div class=\"elementor-icon-box-wrapper\">\n\n\t\t\t\t\t\t<div class=\"elementor-icon-box-icon\">\n\t\t\t\t<a href=\"https:\/\/chat.whatsapp.com\/GNCs1pcaUVi6zopNCrNASQ\" class=\"elementor-icon\" tabindex=\"-1\" aria-label=\"WhatApp skupina\">\n\t\t\t\t<svg aria-hidden=\"true\" class=\"e-font-icon-svg e-fab-whatsapp\" viewBox=\"0 0 448 512\" xmlns=\"http:\/\/www.w3.org\/2000\/svg\"><path d=\"M380.9 97.1C339 55.1 283.2 32 223.9 32c-122.4 0-222 99.6-222 222 0 39.1 10.2 77.3 29.6 111L0 480l117.7-30.9c32.4 17.7 68.9 27 106.1 27h.1c122.3 0 224.1-99.6 224.1-222 0-59.3-25.2-115-67.1-157zm-157 341.6c-33.2 0-65.7-8.9-94-25.7l-6.7-4-69.8 18.3L72 359.2l-4.4-7c-18.5-29.4-28.2-63.3-28.2-98.2 0-101.7 82.8-184.5 184.6-184.5 49.3 0 95.6 19.2 130.4 54.1 34.8 34.9 56.2 81.2 56.1 130.5 0 101.8-84.9 184.6-186.6 184.6zm101.2-138.2c-5.5-2.8-32.8-16.2-37.9-18-5.1-1.9-8.8-2.8-12.5 2.8-3.7 5.6-14.3 18-17.6 21.8-3.2 3.7-6.5 4.2-12 1.4-32.6-16.3-54-29.1-75.5-66-5.7-9.8 5.7-9.1 16.3-30.3 1.8-3.7.9-6.9-.5-9.7-1.4-2.8-12.5-30.1-17.1-41.2-4.5-10.8-9.1-9.3-12.5-9.5-3.2-.2-6.9-.2-10.6-.2-3.7 0-9.7 1.4-14.8 6.9-5.1 5.6-19.4 19-19.4 46.3 0 27.3 19.9 53.7 22.6 57.4 2.8 3.7 39.1 59.7 94.8 83.8 35.2 15.2 49 16.5 66.6 13.9 10.7-1.6 32.8-13.4 37.4-26.4 4.6-13 4.6-24.1 3.2-26.4-1.3-2.5-5-3.9-10.5-6.6z\"><\/path><\/svg>\t\t\t\t<\/a>\n\t\t\t<\/div>\n\t\t\t\n\t\t\t\t\t\t<div class=\"elementor-icon-box-content\">\n\n\t\t\t\t\t\t\t\t\t<h3 class=\"elementor-icon-box-title\">\n\t\t\t\t\t\t<a href=\"https:\/\/chat.whatsapp.com\/GNCs1pcaUVi6zopNCrNASQ\" >\n\t\t\t\t\t\t\tWhatApp skupina\t\t\t\t\t\t<\/a>\n\t\t\t\t\t<\/h3>\n\t\t\t\t\n\t\t\t\t\t\t\t\t\t<p class=\"elementor-icon-box-description\">\n\t\t\t\t\t\tWhatsApp skupina pro v\u0161echny z\u00e1vody.\t\t\t\t\t<\/p>\n\t\t\t\t\n\t\t\t<\/div>\n\t\t\t\n\t\t<\/div>\n\t\t\t\t\t\t<\/div>\n\t\t\t\t\t<\/div>\n\t\t\t\t<\/div>\n\t\t<div class=\"elementor-element elementor-element-5cd7d93 e-flex e-con-boxed e-con e-parent\" data-id=\"5cd7d93\" data-element_type=\"container\" data-e-type=\"container\">\n\t\t\t\t\t<div class=\"e-con-inner\">\n\t\t\t\t<div class=\"elementor-element elementor-element-c180896 elementor-widget elementor-widget-google_maps\" data-id=\"c180896\" data-element_type=\"widget\" data-e-type=\"widget\" data-widget_type=\"google_maps.default\">\n\t\t\t\t\t\t\t<div class=\"elementor-custom-embed\">\n\t\t\t<iframe loading=\"lazy\"\n\t\t\t\t\tsrc=\"https:\/\/maps.google.com\/maps?q=veledrom%20t%C5%99ebe%C5%A1%C3%ADn&#038;t=m&#038;z=11&#038;output=embed&#038;iwloc=near\"\n\t\t\t\t\ttitle=\"veledrom t\u0159ebe\u0161\u00edn\"\n\t\t\t\t\taria-label=\"veledrom t\u0159ebe\u0161\u00edn\"\n\t\t\t><\/iframe>\n\t\t<\/div>\n\t\t\t\t\t\t<\/div>\n\t\t\t\t\t<\/div>\n\t\t\t\t<\/div>\n\t\t<div class=\"elementor-element elementor-element-af7a4 e-flex e-con-boxed e-con e-parent\" data-id=\"af7a4\" data-element_type=\"container\" data-e-type=\"container\">\n\t\t\t\t\t<div class=\"e-con-inner\">\n\t\t\t\t<div class=\"elementor-element elementor-element-af8b1eb elementor-widget elementor-widget-image\" data-id=\"af8b1eb\" data-element_type=\"widget\" data-e-type=\"widget\" data-widget_type=\"image.default\">\n\t\t\t\t\t\t\t\t\t\t\t\t\t\t\t<img fetchpriority=\"high\" decoding=\"async\" width=\"768\" height=\"234\" src=\"https:\/\/www.velkacenaframaru.cz\/wp-content\/uploads\/2026\/03\/GPF-logo-768x234.webp\" class=\"attachment-medium_large size-medium_large wp-image-71\" alt=\"\" srcset=\"https:\/\/www.velkacenaframaru.cz\/wp-content\/uploads\/2026\/03\/GPF-logo-768x234.webp 768w, https:\/\/www.velkacenaframaru.cz\/wp-content\/uploads\/2026\/03\/GPF-logo-300x91.webp 300w, https:\/\/www.velkacenaframaru.cz\/wp-content\/uploads\/2026\/03\/GPF-logo-1024x311.webp 1024w, https:\/\/www.velkacenaframaru.cz\/wp-content\/uploads\/2026\/03\/GPF-logo-1536x467.webp 1536w, https:\/\/www.velkacenaframaru.cz\/wp-content\/uploads\/2026\/03\/GPF-logo.webp 1769w\" sizes=\"(max-width: 768px) 100vw, 768px\" \/>\t\t\t\t\t\t\t\t\t\t\t\t\t\t\t<\/div>\n\t\t\t\t\t<\/div>\n\t\t\t\t<\/div>\n\t\t<div class=\"elementor-element elementor-element-340ed816 e-flex e-con-boxed e-con e-parent\" data-id=\"340ed816\" data-element_type=\"container\" data-e-type=\"container\">\n\t\t\t\t\t<div class=\"e-con-inner\">\n\t\t\t\t<div class=\"elementor-element elementor-element-3246c797 elementor-widget elementor-widget-text-editor\" data-id=\"3246c797\" data-element_type=\"widget\" data-e-type=\"widget\" data-widget_type=\"text-editor.default\">\n\t\t\t\t\t\t\t\t\t<p>since 1938<\/p>\t\t\t\t\t\t\t\t<\/div>\n\t\t\t\t\t<\/div>\n\t\t\t\t<\/div>\n\t\t\t\t<\/div>\n\t\t","protected":false},"excerpt":{"rendered":"<p>Kontakty Organizace z\u00e1vodu Jaroslava Mixov\u00e1 info@kovopraha.cz\u00a0 Marek Mixa (english speaking) mixakovopraha@gmail.com\u00a0+420 724 116 963\u00a0 Po\u0159adatel Barvy Framar s.r.o. info@framar.cz M\u00e9dia Eva Sko\u0159epov\u00e1 eva@skorepova.com WhatApp skupina WhatsApp skupina pro v\u0161echny z\u00e1vody. since 1938<\/p>\n","protected":false},"author":1,"featured_media":0,"parent":0,"menu_order":0,"comment_status":"closed","ping_status":"closed","template":"","meta":{"footnotes":""},"class_list":["post-194","page","type-page","status-publish","hentry","entry"],"yoast_head":"<!-- This site is optimized with the Yoast SEO plugin v27.1.1 - https:\/\/yoast.com\/product\/yoast-seo-wordpress\/ -->\n<title>Kontakty - GP Framar<\/title>\n<meta name=\"robots\" content=\"index, follow, max-snippet:-1, max-image-preview:large, max-video-preview:-1\" \/>\n<link rel=\"canonical\" href=\"https:\/\/www.velkacenaframaru.cz\/?page_id=194&lang=cs\" \/>\n<meta property=\"og:locale\" content=\"cs_CZ\" \/>\n<meta property=\"og:type\" content=\"article\" \/>\n<meta property=\"og:title\" content=\"Kontakty - GP Framar\" \/>\n<meta property=\"og:description\" content=\"Kontakty Organizace z\u00e1vodu Jaroslava Mixov\u00e1 info@kovopraha.cz\u00a0 Marek Mixa (english speaking) mixakovopraha@gmail.com\u00a0+420 724 116 963\u00a0 Po\u0159adatel Barvy Framar s.r.o. info@framar.cz M\u00e9dia Eva Sko\u0159epov\u00e1 eva@skorepova.com WhatApp skupina WhatsApp skupina pro v\u0161echny z\u00e1vody. since 1938\" \/>\n<meta property=\"og:url\" content=\"https:\/\/www.velkacenaframaru.cz\/?page_id=194&amp;lang=cs\" \/>\n<meta property=\"og:site_name\" content=\"GP Framar\" \/>\n<meta property=\"article:modified_time\" content=\"2026-04-15T13:07:09+00:00\" \/>\n<meta property=\"og:image\" content=\"http:\/\/www.velkacenaframaru.cz\/wp-content\/uploads\/2026\/03\/GPF-logo-768x234.webp\" \/>\n<meta name=\"twitter:card\" content=\"summary_large_image\" \/>\n<meta name=\"twitter:label1\" content=\"Odhadovan\u00e1 doba \u010dten\u00ed\" \/>\n\t<meta name=\"twitter:data1\" content=\"1 minuta\" \/>\n<script type=\"application\/ld+json\" class=\"yoast-schema-graph\">{\"@context\":\"https:\/\/schema.org\",\"@graph\":[{\"@type\":\"WebPage\",\"@id\":\"https:\/\/www.velkacenaframaru.cz\/?page_id=194&lang=cs\",\"url\":\"https:\/\/www.velkacenaframaru.cz\/?page_id=194&lang=cs\",\"name\":\"Kontakty - GP Framar\",\"isPartOf\":{\"@id\":\"https:\/\/www.velkacenaframaru.cz\/#website\"},\"primaryImageOfPage\":{\"@id\":\"https:\/\/www.velkacenaframaru.cz\/?page_id=194&lang=cs#primaryimage\"},\"image\":{\"@id\":\"https:\/\/www.velkacenaframaru.cz\/?page_id=194&lang=cs#primaryimage\"},\"thumbnailUrl\":\"http:\/\/www.velkacenaframaru.cz\/wp-content\/uploads\/2026\/03\/GPF-logo-768x234.webp\",\"datePublished\":\"2026-03-11T13:56:12+00:00\",\"dateModified\":\"2026-04-15T13:07:09+00:00\",\"breadcrumb\":{\"@id\":\"https:\/\/www.velkacenaframaru.cz\/?page_id=194&lang=cs#breadcrumb\"},\"inLanguage\":\"cs\",\"potentialAction\":[{\"@type\":\"ReadAction\",\"target\":[\"https:\/\/www.velkacenaframaru.cz\/?page_id=194&lang=cs\"]}]},{\"@type\":\"ImageObject\",\"inLanguage\":\"cs\",\"@id\":\"https:\/\/www.velkacenaframaru.cz\/?page_id=194&lang=cs#primaryimage\",\"url\":\"http:\/\/www.velkacenaframaru.cz\/wp-content\/uploads\/2026\/03\/GPF-logo-768x234.webp\",\"contentUrl\":\"http:\/\/www.velkacenaframaru.cz\/wp-content\/uploads\/2026\/03\/GPF-logo-768x234.webp\"},{\"@type\":\"BreadcrumbList\",\"@id\":\"https:\/\/www.velkacenaframaru.cz\/?page_id=194&lang=cs#breadcrumb\",\"itemListElement\":[{\"@type\":\"ListItem\",\"position\":1,\"name\":\"Dom\u016f\",\"item\":\"https:\/\/www.velkacenaframaru.cz\/?page_id=29&lang=cs\"},{\"@type\":\"ListItem\",\"position\":2,\"name\":\"Kontakty\"}]},{\"@type\":\"WebSite\",\"@id\":\"https:\/\/www.velkacenaframaru.cz\/#website\",\"url\":\"https:\/\/www.velkacenaframaru.cz\/\",\"name\":\"GP Framar\",\"description\":\"\",\"publisher\":{\"@id\":\"https:\/\/www.velkacenaframaru.cz\/#organization\"},\"potentialAction\":[{\"@type\":\"SearchAction\",\"target\":{\"@type\":\"EntryPoint\",\"urlTemplate\":\"https:\/\/www.velkacenaframaru.cz\/?s={search_term_string}\"},\"query-input\":{\"@type\":\"PropertyValueSpecification\",\"valueRequired\":true,\"valueName\":\"search_term_string\"}}],\"inLanguage\":\"cs\"},{\"@type\":\"Organization\",\"@id\":\"https:\/\/www.velkacenaframaru.cz\/#organization\",\"name\":\"GP Framar\",\"url\":\"https:\/\/www.velkacenaframaru.cz\/\",\"logo\":{\"@type\":\"ImageObject\",\"inLanguage\":\"cs\",\"@id\":\"https:\/\/www.velkacenaframaru.cz\/#\/schema\/logo\/image\/\",\"url\":\"https:\/\/www.velkacenaframaru.cz\/wp-content\/uploads\/2026\/03\/GPF-logo.webp\",\"contentUrl\":\"https:\/\/www.velkacenaframaru.cz\/wp-content\/uploads\/2026\/03\/GPF-logo.webp\",\"width\":1769,\"height\":538,\"caption\":\"GP Framar\"},\"image\":{\"@id\":\"https:\/\/www.velkacenaframaru.cz\/#\/schema\/logo\/image\/\"}}]}<\/script>\n<!-- \/ Yoast SEO plugin. -->","yoast_head_json":{"title":"Kontakty - GP Framar","robots":{"index":"index","follow":"follow","max-snippet":"max-snippet:-1","max-image-preview":"max-image-preview:large","max-video-preview":"max-video-preview:-1"},"canonical":"https:\/\/www.velkacenaframaru.cz\/?page_id=194&lang=cs","og_locale":"cs_CZ","og_type":"article","og_title":"Kontakty - GP Framar","og_description":"Kontakty Organizace z\u00e1vodu Jaroslava Mixov\u00e1 info@kovopraha.cz\u00a0 Marek Mixa (english speaking) mixakovopraha@gmail.com\u00a0+420 724 116 963\u00a0 Po\u0159adatel Barvy Framar s.r.o. info@framar.cz M\u00e9dia Eva Sko\u0159epov\u00e1 eva@skorepova.com WhatApp skupina WhatsApp skupina pro v\u0161echny z\u00e1vody. since 1938","og_url":"https:\/\/www.velkacenaframaru.cz\/?page_id=194&lang=cs","og_site_name":"GP Framar","article_modified_time":"2026-04-15T13:07:09+00:00","og_image":[{"url":"http:\/\/www.velkacenaframaru.cz\/wp-content\/uploads\/2026\/03\/GPF-logo-768x234.webp","type":"","width":"","height":""}],"twitter_card":"summary_large_image","twitter_misc":{"Odhadovan\u00e1 doba \u010dten\u00ed":"1 minuta"},"schema":{"@context":"https:\/\/schema.org","@graph":[{"@type":"WebPage","@id":"https:\/\/www.velkacenaframaru.cz\/?page_id=194&lang=cs","url":"https:\/\/www.velkacenaframaru.cz\/?page_id=194&lang=cs","name":"Kontakty - GP Framar","isPartOf":{"@id":"https:\/\/www.velkacenaframaru.cz\/#website"},"primaryImageOfPage":{"@id":"https:\/\/www.velkacenaframaru.cz\/?page_id=194&lang=cs#primaryimage"},"image":{"@id":"https:\/\/www.velkacenaframaru.cz\/?page_id=194&lang=cs#primaryimage"},"thumbnailUrl":"http:\/\/www.velkacenaframaru.cz\/wp-content\/uploads\/2026\/03\/GPF-logo-768x234.webp","datePublished":"2026-03-11T13:56:12+00:00","dateModified":"2026-04-15T13:07:09+00:00","breadcrumb":{"@id":"https:\/\/www.velkacenaframaru.cz\/?page_id=194&lang=cs#breadcrumb"},"inLanguage":"cs","potentialAction":[{"@type":"ReadAction","target":["https:\/\/www.velkacenaframaru.cz\/?page_id=194&lang=cs"]}]},{"@type":"ImageObject","inLanguage":"cs","@id":"https:\/\/www.velkacenaframaru.cz\/?page_id=194&lang=cs#primaryimage","url":"http:\/\/www.velkacenaframaru.cz\/wp-content\/uploads\/2026\/03\/GPF-logo-768x234.webp","contentUrl":"http:\/\/www.velkacenaframaru.cz\/wp-content\/uploads\/2026\/03\/GPF-logo-768x234.webp"},{"@type":"BreadcrumbList","@id":"https:\/\/www.velkacenaframaru.cz\/?page_id=194&lang=cs#breadcrumb","itemListElement":[{"@type":"ListItem","position":1,"name":"Dom\u016f","item":"https:\/\/www.velkacenaframaru.cz\/?page_id=29&lang=cs"},{"@type":"ListItem","position":2,"name":"Kontakty"}]},{"@type":"WebSite","@id":"https:\/\/www.velkacenaframaru.cz\/#website","url":"https:\/\/www.velkacenaframaru.cz\/","name":"GP Framar","description":"","publisher":{"@id":"https:\/\/www.velkacenaframaru.cz\/#organization"},"potentialAction":[{"@type":"SearchAction","target":{"@type":"EntryPoint","urlTemplate":"https:\/\/www.velkacenaframaru.cz\/?s={search_term_string}"},"query-input":{"@type":"PropertyValueSpecification","valueRequired":true,"valueName":"search_term_string"}}],"inLanguage":"cs"},{"@type":"Organization","@id":"https:\/\/www.velkacenaframaru.cz\/#organization","name":"GP Framar","url":"https:\/\/www.velkacenaframaru.cz\/","logo":{"@type":"ImageObject","inLanguage":"cs","@id":"https:\/\/www.velkacenaframaru.cz\/#\/schema\/logo\/image\/","url":"https:\/\/www.velkacenaframaru.cz\/wp-content\/uploads\/2026\/03\/GPF-logo.webp","contentUrl":"https:\/\/www.velkacenaframaru.cz\/wp-content\/uploads\/2026\/03\/GPF-logo.webp","width":1769,"height":538,"caption":"GP Framar"},"image":{"@id":"https:\/\/www.velkacenaframaru.cz\/#\/schema\/logo\/image\/"}}]}},"_links":{"self":[{"href":"https:\/\/www.velkacenaframaru.cz\/index.php?rest_route=\/wp\/v2\/pages\/194","targetHints":{"allow":["GET"]}}],"collection":[{"href":"https:\/\/www.velkacenaframaru.cz\/index.php?rest_route=\/wp\/v2\/pages"}],"about":[{"href":"https:\/\/www.velkacenaframaru.cz\/index.php?rest_route=\/wp\/v2\/types\/page"}],"author":[{"embeddable":true,"href":"https:\/\/www.velkacenaframaru.cz\/index.php?rest_route=\/wp\/v2\/users\/1"}],"replies":[{"embeddable":true,"href":"https:\/\/www.velkacenaframaru.cz\/index.php?rest_route=%2Fwp%2Fv2%2Fcomments&post=194"}],"version-history":[{"count":13,"href":"https:\/\/www.velkacenaframaru.cz\/index.php?rest_route=\/wp\/v2\/pages\/194\/revisions"}],"predecessor-version":[{"id":310,"href":"https:\/\/www.velkacenaframaru.cz\/index.php?rest_route=\/wp\/v2\/pages\/194\/revisions\/310"}],"wp:attachment":[{"href":"https:\/\/www.velkacenaframaru.cz\/index.php?rest_route=%2Fwp%2Fv2%2Fmedia&parent=194"}],"curies":[{"name":"wp","href":"https:\/\/api.w.org\/{rel}","templated":true}]}}