{"id":241,"date":"2026-04-02T13:17:54","date_gmt":"2026-04-02T13:17:54","guid":{"rendered":"https:\/\/www.velkacenaframaru.cz\/?page_id=241"},"modified":"2026-04-15T12:56:58","modified_gmt":"2026-04-15T12:56:58","slug":"registration","status":"publish","type":"page","link":"https:\/\/www.velkacenaframaru.cz\/?page_id=241","title":{"rendered":"Registration"},"content":{"rendered":"\t\t<div data-elementor-type=\"wp-page\" data-elementor-id=\"241\" class=\"elementor elementor-241\">\n\t\t\t\t<div class=\"elementor-element elementor-element-244d3842 e-grid e-con-boxed e-con e-parent\" data-id=\"244d3842\" data-element_type=\"container\" data-e-type=\"container\">\n\t\t\t\t\t<div class=\"e-con-inner\">\n\t\t\t\t<div class=\"elementor-element elementor-element-1d79b300 elementor-widget elementor-widget-heading\" data-id=\"1d79b300\" data-element_type=\"widget\" data-e-type=\"widget\" data-widget_type=\"heading.default\">\n\t\t\t\t\t<h1 class=\"elementor-heading-title elementor-size-default\">Registration<\/h1>\t\t\t\t<\/div>\n\t\t\t\t<div class=\"elementor-element elementor-element-1504e37 elementor-align-center elementor-widget elementor-widget-button\" data-id=\"1504e37\" data-element_type=\"widget\" data-e-type=\"widget\" data-widget_type=\"button.default\">\n\t\t\t\t\t\t\t\t\t\t<a class=\"elementor-button elementor-button-link elementor-size-sm\" href=\"https:\/\/docs.google.com\/spreadsheets\/d\/16v0nvpDTHwS00kJP3vdkpIpEjbudlq0EP3L3pKZP6-0\/edit?gid=0#gid=0\">\n\t\t\t\t\t\t<span class=\"elementor-button-content-wrapper\">\n\t\t\t\t\t\t\t\t\t<span class=\"elementor-button-text\">Registration<\/span>\n\t\t\t\t\t<\/span>\n\t\t\t\t\t<\/a>\n\t\t\t\t\t\t\t\t<\/div>\n\t\t\t\t\t<\/div>\n\t\t\t\t<\/div>\n\t\t<div class=\"elementor-element elementor-element-efbb227 e-flex e-con-boxed e-con e-parent\" data-id=\"efbb227\" data-element_type=\"container\" data-e-type=\"container\">\n\t\t\t\t\t<div class=\"e-con-inner\">\n\t\t\t\t<div class=\"elementor-element elementor-element-7f56943 elementor-widget elementor-widget-text-editor\" data-id=\"7f56943\" data-element_type=\"widget\" data-e-type=\"widget\" data-widget_type=\"text-editor.default\">\n\t\t\t\t\t\t\t\t\t<p><b>Venue: <\/b> <span style=\"font-weight: 400;\">T\u0159ebe\u0161\u00edn Velodrome, Nad Kapli\u010dkou 3324\/15, Praha 10, Czech\u00a0 Republic\u00a0<\/span><\/p><p><b>Coordinates: <\/b><span style=\"font-weight: 400;\">50\u00b005&#8217;01.7&#8243;N 14\u00b029&#8217;21.3&#8243;E\u00a0<\/span><\/p><p><b>Velodrome description: <\/b><span style=\"font-weight: 400;\">Length: 333m, Surface: Concrete, Type: Open-air\u00a0<\/span><\/p><p><b>Organizer:<\/b> <span style=\"font-weight: 400;\">T\u011blov\u00fdchovn\u00e1 jednota Kovo z.s.<\/span><\/p><p><b>Race Director: <\/b> <span style=\"font-weight: 400;\">Jaroslava Mixov\u00e1\u00a0<\/span><\/p><p><b>Contact<\/b><span style=\"font-weight: 400;\">: <\/span> <span style=\"font-weight: 400;\">e-mail: <\/span><span style=\"font-weight: 400;\">info@kovopraha.cz<\/span><span style=\"font-weight: 400;\">\u00a0<\/span><\/p><p><b>English speaking: <\/b> <span style=\"font-weight: 400;\">Marek Mixa, +420 724116963\u00a0<\/span><\/p>\t\t\t\t\t\t\t\t<\/div>\n\t\t\t\t\t<\/div>\n\t\t\t\t<\/div>\n\t\t<div class=\"elementor-element elementor-element-7de0dbeb e-flex e-con-boxed e-con e-parent\" data-id=\"7de0dbeb\" data-element_type=\"container\" data-e-type=\"container\">\n\t\t\t\t\t<div class=\"e-con-inner\">\n\t\t\t\t<div class=\"elementor-element elementor-element-47c0cc2b elementor-widget elementor-widget-image\" data-id=\"47c0cc2b\" data-element_type=\"widget\" data-e-type=\"widget\" data-widget_type=\"image.default\">\n\t\t\t\t\t\t\t\t\t\t\t\t\t\t\t<img fetchpriority=\"high\" decoding=\"async\" width=\"1024\" height=\"311\" src=\"https:\/\/www.velkacenaframaru.cz\/wp-content\/uploads\/2026\/03\/GPF-logo-1024x311.webp\" class=\"attachment-large size-large wp-image-71\" alt=\"\" srcset=\"https:\/\/www.velkacenaframaru.cz\/wp-content\/uploads\/2026\/03\/GPF-logo-1024x311.webp 1024w, https:\/\/www.velkacenaframaru.cz\/wp-content\/uploads\/2026\/03\/GPF-logo-300x91.webp 300w, https:\/\/www.velkacenaframaru.cz\/wp-content\/uploads\/2026\/03\/GPF-logo-768x234.webp 768w, https:\/\/www.velkacenaframaru.cz\/wp-content\/uploads\/2026\/03\/GPF-logo-1536x467.webp 1536w, https:\/\/www.velkacenaframaru.cz\/wp-content\/uploads\/2026\/03\/GPF-logo.webp 1769w\" sizes=\"(max-width: 1024px) 100vw, 1024px\" \/>\t\t\t\t\t\t\t\t\t\t\t\t\t\t\t<\/div>\n\t\t\t\t\t<\/div>\n\t\t\t\t<\/div>\n\t\t<div class=\"elementor-element elementor-element-5007379f e-flex e-con-boxed e-con e-parent\" data-id=\"5007379f\" data-element_type=\"container\" data-e-type=\"container\">\n\t\t\t\t\t<div class=\"e-con-inner\">\n\t\t\t\t<div class=\"elementor-element elementor-element-63e04909 elementor-widget elementor-widget-text-editor\" data-id=\"63e04909\" data-element_type=\"widget\" data-e-type=\"widget\" data-widget_type=\"text-editor.default\">\n\t\t\t\t\t\t\t\t\t<p>since 1938<\/p>\t\t\t\t\t\t\t\t<\/div>\n\t\t\t\t\t<\/div>\n\t\t\t\t<\/div>\n\t\t\t\t<\/div>\n\t\t","protected":false},"excerpt":{"rendered":"<p>Registration Registration Venue: T\u0159ebe\u0161\u00edn Velodrome, Nad Kapli\u010dkou 3324\/15, Praha 10, Czech\u00a0 Republic\u00a0 Coordinates: 50\u00b005&#8217;01.7&#8243;N 14\u00b029&#8217;21.3&#8243;E\u00a0 Velodrome description: Length: 333m, Surface: Concrete, Type: Open-air\u00a0 Organizer: T\u011blov\u00fdchovn\u00e1 jednota Kovo z.s. Race Director: Jaroslava Mixov\u00e1\u00a0 Contact: e-mail: info@kovopraha.cz\u00a0 English speaking: Marek Mixa, +420 724116963\u00a0 since 1938<\/p>\n","protected":false},"author":1,"featured_media":0,"parent":0,"menu_order":0,"comment_status":"closed","ping_status":"closed","template":"elementor_header_footer","meta":{"footnotes":""},"class_list":["post-241","page","type-page","status-publish","hentry","entry"],"yoast_head":"<!-- This site is optimized with the Yoast SEO plugin v27.1.1 - https:\/\/yoast.com\/product\/yoast-seo-wordpress\/ -->\n<title>Registration - GP Framar<\/title>\n<meta name=\"robots\" content=\"index, follow, max-snippet:-1, max-image-preview:large, max-video-preview:-1\" \/>\n<link rel=\"canonical\" href=\"https:\/\/www.velkacenaframaru.cz\/?page_id=241\" \/>\n<meta property=\"og:locale\" content=\"cs_CZ\" \/>\n<meta property=\"og:type\" content=\"article\" \/>\n<meta property=\"og:title\" content=\"Registration - GP Framar\" \/>\n<meta property=\"og:description\" content=\"Registration Registration Venue: T\u0159ebe\u0161\u00edn Velodrome, Nad Kapli\u010dkou 3324\/15, Praha 10, Czech\u00a0 Republic\u00a0 Coordinates: 50\u00b005&#8217;01.7&#8243;N 14\u00b029&#8217;21.3&#8243;E\u00a0 Velodrome description: Length: 333m, Surface: Concrete, Type: Open-air\u00a0 Organizer: T\u011blov\u00fdchovn\u00e1 jednota Kovo z.s. Race Director: Jaroslava Mixov\u00e1\u00a0 Contact: e-mail: info@kovopraha.cz\u00a0 English speaking: Marek Mixa, +420 724116963\u00a0 since 1938\" \/>\n<meta property=\"og:url\" content=\"https:\/\/www.velkacenaframaru.cz\/?page_id=241\" \/>\n<meta property=\"og:site_name\" content=\"GP Framar\" \/>\n<meta property=\"article:modified_time\" content=\"2026-04-15T12:56:58+00:00\" \/>\n<meta property=\"og:image\" content=\"https:\/\/www.velkacenaframaru.cz\/wp-content\/uploads\/2026\/03\/GPF-logo.webp\" \/>\n\t<meta property=\"og:image:width\" content=\"1769\" \/>\n\t<meta property=\"og:image:height\" content=\"538\" \/>\n\t<meta property=\"og:image:type\" content=\"image\/webp\" \/>\n<meta name=\"twitter:card\" content=\"summary_large_image\" \/>\n<meta name=\"twitter:label1\" content=\"Odhadovan\u00e1 doba \u010dten\u00ed\" \/>\n\t<meta name=\"twitter:data1\" content=\"1 minuta\" \/>\n<script type=\"application\/ld+json\" class=\"yoast-schema-graph\">{\"@context\":\"https:\/\/schema.org\",\"@graph\":[{\"@type\":\"WebPage\",\"@id\":\"https:\/\/www.velkacenaframaru.cz\/?page_id=241\",\"url\":\"https:\/\/www.velkacenaframaru.cz\/?page_id=241\",\"name\":\"Registration - GP Framar\",\"isPartOf\":{\"@id\":\"https:\/\/www.velkacenaframaru.cz\/#website\"},\"primaryImageOfPage\":{\"@id\":\"https:\/\/www.velkacenaframaru.cz\/?page_id=241#primaryimage\"},\"image\":{\"@id\":\"https:\/\/www.velkacenaframaru.cz\/?page_id=241#primaryimage\"},\"thumbnailUrl\":\"http:\/\/www.velkacenaframaru.cz\/wp-content\/uploads\/2026\/03\/GPF-logo-1024x311.webp\",\"datePublished\":\"2026-04-02T13:17:54+00:00\",\"dateModified\":\"2026-04-15T12:56:58+00:00\",\"breadcrumb\":{\"@id\":\"https:\/\/www.velkacenaframaru.cz\/?page_id=241#breadcrumb\"},\"inLanguage\":\"cs\",\"potentialAction\":[{\"@type\":\"ReadAction\",\"target\":[\"https:\/\/www.velkacenaframaru.cz\/?page_id=241\"]}]},{\"@type\":\"ImageObject\",\"inLanguage\":\"cs\",\"@id\":\"https:\/\/www.velkacenaframaru.cz\/?page_id=241#primaryimage\",\"url\":\"https:\/\/www.velkacenaframaru.cz\/wp-content\/uploads\/2026\/03\/GPF-logo.webp\",\"contentUrl\":\"https:\/\/www.velkacenaframaru.cz\/wp-content\/uploads\/2026\/03\/GPF-logo.webp\",\"width\":1769,\"height\":538},{\"@type\":\"BreadcrumbList\",\"@id\":\"https:\/\/www.velkacenaframaru.cz\/?page_id=241#breadcrumb\",\"itemListElement\":[{\"@type\":\"ListItem\",\"position\":1,\"name\":\"Dom\u016f\",\"item\":\"https:\/\/www.velkacenaframaru.cz\/?page_id=29&lang=cs\"},{\"@type\":\"ListItem\",\"position\":2,\"name\":\"Registration\"}]},{\"@type\":\"WebSite\",\"@id\":\"https:\/\/www.velkacenaframaru.cz\/#website\",\"url\":\"https:\/\/www.velkacenaframaru.cz\/\",\"name\":\"GP Framar\",\"description\":\"\",\"publisher\":{\"@id\":\"https:\/\/www.velkacenaframaru.cz\/#organization\"},\"potentialAction\":[{\"@type\":\"SearchAction\",\"target\":{\"@type\":\"EntryPoint\",\"urlTemplate\":\"https:\/\/www.velkacenaframaru.cz\/?s={search_term_string}\"},\"query-input\":{\"@type\":\"PropertyValueSpecification\",\"valueRequired\":true,\"valueName\":\"search_term_string\"}}],\"inLanguage\":\"cs\"},{\"@type\":\"Organization\",\"@id\":\"https:\/\/www.velkacenaframaru.cz\/#organization\",\"name\":\"GP Framar\",\"url\":\"https:\/\/www.velkacenaframaru.cz\/\",\"logo\":{\"@type\":\"ImageObject\",\"inLanguage\":\"cs\",\"@id\":\"https:\/\/www.velkacenaframaru.cz\/#\/schema\/logo\/image\/\",\"url\":\"https:\/\/www.velkacenaframaru.cz\/wp-content\/uploads\/2026\/03\/GPF-logo.webp\",\"contentUrl\":\"https:\/\/www.velkacenaframaru.cz\/wp-content\/uploads\/2026\/03\/GPF-logo.webp\",\"width\":1769,\"height\":538,\"caption\":\"GP Framar\"},\"image\":{\"@id\":\"https:\/\/www.velkacenaframaru.cz\/#\/schema\/logo\/image\/\"}}]}<\/script>\n<!-- \/ Yoast SEO plugin. -->","yoast_head_json":{"title":"Registration - GP Framar","robots":{"index":"index","follow":"follow","max-snippet":"max-snippet:-1","max-image-preview":"max-image-preview:large","max-video-preview":"max-video-preview:-1"},"canonical":"https:\/\/www.velkacenaframaru.cz\/?page_id=241","og_locale":"cs_CZ","og_type":"article","og_title":"Registration - GP Framar","og_description":"Registration Registration Venue: T\u0159ebe\u0161\u00edn Velodrome, Nad Kapli\u010dkou 3324\/15, Praha 10, Czech\u00a0 Republic\u00a0 Coordinates: 50\u00b005&#8217;01.7&#8243;N 14\u00b029&#8217;21.3&#8243;E\u00a0 Velodrome description: Length: 333m, Surface: Concrete, Type: Open-air\u00a0 Organizer: T\u011blov\u00fdchovn\u00e1 jednota Kovo z.s. Race Director: Jaroslava Mixov\u00e1\u00a0 Contact: e-mail: info@kovopraha.cz\u00a0 English speaking: Marek Mixa, +420 724116963\u00a0 since 1938","og_url":"https:\/\/www.velkacenaframaru.cz\/?page_id=241","og_site_name":"GP Framar","article_modified_time":"2026-04-15T12:56:58+00:00","og_image":[{"width":1769,"height":538,"url":"https:\/\/www.velkacenaframaru.cz\/wp-content\/uploads\/2026\/03\/GPF-logo.webp","type":"image\/webp"}],"twitter_card":"summary_large_image","twitter_misc":{"Odhadovan\u00e1 doba \u010dten\u00ed":"1 minuta"},"schema":{"@context":"https:\/\/schema.org","@graph":[{"@type":"WebPage","@id":"https:\/\/www.velkacenaframaru.cz\/?page_id=241","url":"https:\/\/www.velkacenaframaru.cz\/?page_id=241","name":"Registration - GP Framar","isPartOf":{"@id":"https:\/\/www.velkacenaframaru.cz\/#website"},"primaryImageOfPage":{"@id":"https:\/\/www.velkacenaframaru.cz\/?page_id=241#primaryimage"},"image":{"@id":"https:\/\/www.velkacenaframaru.cz\/?page_id=241#primaryimage"},"thumbnailUrl":"http:\/\/www.velkacenaframaru.cz\/wp-content\/uploads\/2026\/03\/GPF-logo-1024x311.webp","datePublished":"2026-04-02T13:17:54+00:00","dateModified":"2026-04-15T12:56:58+00:00","breadcrumb":{"@id":"https:\/\/www.velkacenaframaru.cz\/?page_id=241#breadcrumb"},"inLanguage":"cs","potentialAction":[{"@type":"ReadAction","target":["https:\/\/www.velkacenaframaru.cz\/?page_id=241"]}]},{"@type":"ImageObject","inLanguage":"cs","@id":"https:\/\/www.velkacenaframaru.cz\/?page_id=241#primaryimage","url":"https:\/\/www.velkacenaframaru.cz\/wp-content\/uploads\/2026\/03\/GPF-logo.webp","contentUrl":"https:\/\/www.velkacenaframaru.cz\/wp-content\/uploads\/2026\/03\/GPF-logo.webp","width":1769,"height":538},{"@type":"BreadcrumbList","@id":"https:\/\/www.velkacenaframaru.cz\/?page_id=241#breadcrumb","itemListElement":[{"@type":"ListItem","position":1,"name":"Dom\u016f","item":"https:\/\/www.velkacenaframaru.cz\/?page_id=29&lang=cs"},{"@type":"ListItem","position":2,"name":"Registration"}]},{"@type":"WebSite","@id":"https:\/\/www.velkacenaframaru.cz\/#website","url":"https:\/\/www.velkacenaframaru.cz\/","name":"GP Framar","description":"","publisher":{"@id":"https:\/\/www.velkacenaframaru.cz\/#organization"},"potentialAction":[{"@type":"SearchAction","target":{"@type":"EntryPoint","urlTemplate":"https:\/\/www.velkacenaframaru.cz\/?s={search_term_string}"},"query-input":{"@type":"PropertyValueSpecification","valueRequired":true,"valueName":"search_term_string"}}],"inLanguage":"cs"},{"@type":"Organization","@id":"https:\/\/www.velkacenaframaru.cz\/#organization","name":"GP Framar","url":"https:\/\/www.velkacenaframaru.cz\/","logo":{"@type":"ImageObject","inLanguage":"cs","@id":"https:\/\/www.velkacenaframaru.cz\/#\/schema\/logo\/image\/","url":"https:\/\/www.velkacenaframaru.cz\/wp-content\/uploads\/2026\/03\/GPF-logo.webp","contentUrl":"https:\/\/www.velkacenaframaru.cz\/wp-content\/uploads\/2026\/03\/GPF-logo.webp","width":1769,"height":538,"caption":"GP Framar"},"image":{"@id":"https:\/\/www.velkacenaframaru.cz\/#\/schema\/logo\/image\/"}}]}},"_links":{"self":[{"href":"https:\/\/www.velkacenaframaru.cz\/index.php?rest_route=\/wp\/v2\/pages\/241","targetHints":{"allow":["GET"]}}],"collection":[{"href":"https:\/\/www.velkacenaframaru.cz\/index.php?rest_route=\/wp\/v2\/pages"}],"about":[{"href":"https:\/\/www.velkacenaframaru.cz\/index.php?rest_route=\/wp\/v2\/types\/page"}],"author":[{"embeddable":true,"href":"https:\/\/www.velkacenaframaru.cz\/index.php?rest_route=\/wp\/v2\/users\/1"}],"replies":[{"embeddable":true,"href":"https:\/\/www.velkacenaframaru.cz\/index.php?rest_route=%2Fwp%2Fv2%2Fcomments&post=241"}],"version-history":[{"count":10,"href":"https:\/\/www.velkacenaframaru.cz\/index.php?rest_route=\/wp\/v2\/pages\/241\/revisions"}],"predecessor-version":[{"id":306,"href":"https:\/\/www.velkacenaframaru.cz\/index.php?rest_route=\/wp\/v2\/pages\/241\/revisions\/306"}],"wp:attachment":[{"href":"https:\/\/www.velkacenaframaru.cz\/index.php?rest_route=%2Fwp%2Fv2%2Fmedia&parent=241"}],"curies":[{"name":"wp","href":"https:\/\/api.w.org\/{rel}","templated":true}]}}